{"id":2601,"date":"2024-02-03T20:40:06","date_gmt":"2024-02-04T02:40:06","guid":{"rendered":"https:\/\/innovationi.com.mx\/?page_id=2601"},"modified":"2024-02-04T11:36:37","modified_gmt":"2024-02-04T17:36:37","slug":"politica-de-privacidad","status":"publish","type":"page","link":"https:\/\/www.innovationi.com.mx\/en\/politica-de-privacidad\/","title":{"rendered":"Pol\u00edtica de privacidad"},"content":{"rendered":"<div data-elementor-type=\"wp-page\" data-elementor-id=\"2601\" class=\"elementor elementor-2601\" data-elementor-post-type=\"page\">\n\t\t\t\t\t\t\t<div class=\"elementor-element elementor-element-32bdb67d e-con-full e-flex e-con\" data-id=\"32bdb67d\" data-element_type=\"container\" data-settings=\"{&quot;background_background&quot;:&quot;classic&quot;,&quot;content_width&quot;:&quot;full&quot;}\">\n\t\t<div class=\"elementor-element elementor-element-53a740e3 e-con-full e-flex e-con\" data-id=\"53a740e3\" data-element_type=\"container\" data-settings=\"{&quot;background_background&quot;:&quot;classic&quot;,&quot;content_width&quot;:&quot;full&quot;}\">\n\t\t\t\t<div class=\"elementor-element elementor-element-20c84e2e elementor-widget elementor-widget-heading\" data-id=\"20c84e2e\" data-element_type=\"widget\" data-widget_type=\"heading.default\">\n\t\t\t\t<div class=\"elementor-widget-container\">\n\t\t\t<style>\/*! elementor - v3.13.3 - 28-05-2023 *\/\n.elementor-heading-title{padding:0;margin:0;line-height:1}.elementor-widget-heading .elementor-heading-title[class*=elementor-size-]>a{color:inherit;font-size:inherit;line-height:inherit}.elementor-widget-heading .elementor-heading-title.elementor-size-small{font-size:15px}.elementor-widget-heading .elementor-heading-title.elementor-size-medium{font-size:19px}.elementor-widget-heading .elementor-heading-title.elementor-size-large{font-size:29px}.elementor-widget-heading .elementor-heading-title.elementor-size-xl{font-size:39px}.elementor-widget-heading .elementor-heading-title.elementor-size-xxl{font-size:59px}<\/style><h1 class=\"elementor-heading-title elementor-size-default\">Pol\u00edtica de privacidad y uso de cookies<\/h1>\t\t<\/div>\n\t\t\t\t<\/div>\n\t\t\t\t<div class=\"elementor-element elementor-element-7bab0e9b elementor-widget elementor-widget-text-editor\" data-id=\"7bab0e9b\" data-element_type=\"widget\" data-widget_type=\"text-editor.default\">\n\t\t\t\t<div class=\"elementor-widget-container\">\n\t\t\t<style>\/*! elementor - v3.13.3 - 28-05-2023 *\/\n.elementor-widget-text-editor.elementor-drop-cap-view-stacked .elementor-drop-cap{background-color:#69727d;color:#fff}.elementor-widget-text-editor.elementor-drop-cap-view-framed .elementor-drop-cap{color:#69727d;border:3px solid;background-color:transparent}.elementor-widget-text-editor:not(.elementor-drop-cap-view-default) .elementor-drop-cap{margin-top:8px}.elementor-widget-text-editor:not(.elementor-drop-cap-view-default) .elementor-drop-cap-letter{width:1em;height:1em}.elementor-widget-text-editor .elementor-drop-cap{float:left;text-align:center;line-height:1;font-size:50px}.elementor-widget-text-editor .elementor-drop-cap-letter{display:inline-block}<\/style>\t\t\t\t<p>\u00a1Le agradecemos por su visita a nuestro sitio web! La protecci\u00f3n de datos personales y, por ende, de su privacidad, reviste una gran relevancia para INNOVATION. A continuaci\u00f3n, encontrar\u00e1 informaci\u00f3n acerca de c\u00f3mo utilizamos y resguardamos sus datos. Es pertinente destacar que INNOVATION se adhiere a todas las regulaciones legales en materia de protecci\u00f3n de datos. Por favor, tenga en cuenta que la transmisi\u00f3n de datos a trav\u00e9s de Internet podr\u00eda estar sujeta a vulnerabilidades de seguridad. La protecci\u00f3n integral contra el acceso de terceros no es factible.<\/p>\n<p><strong>Datos de acceso:<\/strong> Usted puede visitar nuestro sitio web sin proporcionar informaci\u00f3n personal alguna. El proveedor del sitio web recopila datos acerca de los accesos al sitio y los almacena como &#8220;archivos de registro del servidor&#8221;. Los datos registrados de esta manera incluyen: el sitio web visitado, la hora de acceso, la cantidad de datos enviados en bytes, la fuente\/referencia desde la cual accedi\u00f3 al sitio, el navegador utilizado, el sistema operativo utilizado y la direcci\u00f3n IP utilizada. Los datos recopilados se utilizan exclusivamente para evaluaciones estad\u00edsticas y para mejorar el sitio web. No obstante, el proveedor del sitio web se reserva el derecho de revisar posteriormente los archivos de registro del servidor en caso de existir indicios concretos de uso ilegal. Estos datos solo se compartir\u00e1n con terceros si la ley lo exige o si una decisi\u00f3n judicial ordena su divulgaci\u00f3n. No se divulgan con fines comerciales o no comerciales.<\/p>\n<p><strong>Recopilaci\u00f3n y procesamiento de datos para el cierre de contratos:<\/strong> Recopilamos y procesamos sus datos personales que usted nos proporciona voluntariamente con el fin de ponerse en contacto con nosotros (por ejemplo, para registrarse, mediante el formulario de contacto o por correo electr\u00f3nico) o para cumplir y procesar nuestras obligaciones contractuales y responder a sus consultas. Para el cumplimiento del contrato, sus datos pueden ser compartidos con proveedores de servicios contratados por nosotros, como proveedores y empresas de log\u00edstica. Despu\u00e9s del cumplimiento del contrato, sus datos se bloquear\u00e1n para su uso posterior y se eliminar\u00e1n despu\u00e9s de que expiren los per\u00edodos de retenci\u00f3n seg\u00fan la ley fiscal y comercial, a menos que usted acuerde expresamente un uso adicional de los datos.<\/p>\n<p><strong>Cookies:<\/strong> Este sitio web utiliza cookies. Estos son peque\u00f1os archivos de texto que se almacenan en su dispositivo. Su navegador accede a estos archivos. El uso de cookies mejora la facilidad de uso y la seguridad de este sitio web. Los navegadores comunes ofrecen la opci\u00f3n de no aceptar cookies. Tenga en cuenta: No hay garant\u00eda de que pueda acceder a todas las funciones de este sitio web sin restricciones si realiza las configuraciones correspondientes.<\/p>\n<p><strong>Google Analytics:<\/strong> Este sitio web utiliza el servicio &#8220;Google Analytics&#8221;, proporcionado por Google Inc. (1600 Amphitheatre Parkway, Mountain View, CA 94043, EE. UU.) para el an\u00e1lisis del uso del sitio web por parte de los usuarios. El servicio utiliza &#8220;cookies&#8221;: archivos de texto que se almacenan en su dispositivo. La informaci\u00f3n recopilada por las cookies se env\u00eda y almacena generalmente en un servidor de Google en los EE. UU. Este sitio web est\u00e1 sujeto a la anonimizaci\u00f3n de IP. La direcci\u00f3n IP de los usuarios dentro de los estados miembros de la UE y del \u00c1rea Econ\u00f3mica Europea se abrevia. Esta abreviatura elimina la referencia personal a su direcci\u00f3n IP. Usted tiene la opci\u00f3n de evitar el almacenamiento de cookies en su dispositivo al realizar las configuraciones correspondientes en su navegador. No hay garant\u00eda de que pueda acceder a todas las funciones de este sitio web sin restricciones si su navegador no permite cookies. Tambi\u00e9n puede utilizar un complemento del navegador para evitar que la informaci\u00f3n recopilada por las cookies (incluida su direcci\u00f3n IP) se env\u00ede y utilice por parte de Google Inc. El siguiente enlace lo lleva al complemento correspondiente: <a target=\"_new\">https:\/\/tools.google.com\/dlpage\/gaoptout?hl=es<\/a> Alternativamente, puede evitar que Google Analytics recopile datos sobre usted dentro de este sitio web haciendo clic en este enlace: <a target=\"_new\">Deshabilitar Google Analytics<\/a>. Al hacer clic en el enlace anterior, puede descargar una &#8220;cookie de exclusi\u00f3n&#8221;. Su navegador debe permitir, esencialmente, el almacenamiento de cookies. Si elimina regularmente sus cookies, deber\u00e1 hacer clic en el enlace nuevamente cada vez que visite este sitio web.<\/p>\n<p>Haga clic aqu\u00ed para obtener m\u00e1s informaci\u00f3n sobre el uso de datos por parte de Google Inc: <a target=\"_new\">https:\/\/support.google.com\/analytics\/answer\/6004245?hl=es<\/a><\/p>\n<p><strong>Google Tag Manager:<\/strong> Este sitio web utiliza Google Tag Manager, lo que nos permite, como operadores del sitio web, gestionar etiquetas del sitio web. Estas etiquetas son bloques de c\u00f3digo JavaScript y\/o HTML que se pueden utilizar para activar o proporcionar funciones adicionales en nuestro sitio web. En particular, utilizamos estos bloques de c\u00f3digo para habilitar servicios de an\u00e1lisis web (como Google Analytics) que registran la llegada, el comportamiento, la duraci\u00f3n de la visita y el abandono del sitio web por parte de los usuarios. Los detalles de los servicios de an\u00e1lisis web utilizados en nuestro sitio web se especifican anteriormente. Google Tag Manager gestiona estas etiquetas y las activa durante la interacci\u00f3n con el usuario. La recopilaci\u00f3n, el almacenamiento y el procesamiento de datos personales se llevan a cabo solo a trav\u00e9s de los servicios correspondientes de an\u00e1lisis web y no por Google Tag Manager en s\u00ed. Si un servicio de an\u00e1lisis web es desactivado por el usuario, Google Tag Manager tambi\u00e9n ser\u00e1 incapaz de activar el servicio.<\/p>\n<p>Para obtener m\u00e1s informaci\u00f3n sobre Google Tag Manager, siga el enlace: <a target=\"_new\">https:\/\/www.google.com\/intl\/es\/tagmanager\/use-policy.html<\/a><\/p>\n<p><strong style=\"font-style: inherit; letter-spacing: 0px;\">Derecho de oposici\u00f3n:<\/strong><span style=\"font-style: inherit; font-weight: inherit; letter-spacing: 0px;\"> Usted puede oponerse al procesamiento de sus datos personales en cualquier momento sin necesidad de proporcionar motivos. Si hace uso de esta opci\u00f3n o no facilita sus datos, el contrato no podr\u00e1 cumplirse. Si procesamos sus datos para proteger intereses leg\u00edtimos, puede oponerse a dicho procesamiento por motivos derivados de su situaci\u00f3n particular. En ese caso, ya no procesaremos sus datos personales, a menos que podamos demostrar razones convincentes y leg\u00edtimas para el procesamiento que prevalezcan sobre sus intereses, derechos y libertades fundamentales, o si el procesamiento sirve para hacer valer, ejercer o defender reclamaciones legales.<\/span><br><\/p>\n<p><strong>Derecho a la informaci\u00f3n, correcci\u00f3n y supresi\u00f3n:<\/strong> Usted tiene el derecho de solicitar informaci\u00f3n sobre si y qu\u00e9 datos hemos almacenado sobre usted en cualquier momento y sin necesidad de proporcionar motivos. Adem\u00e1s, puede bloquear, eliminar o corregir los datos que hemos recopilado sobre usted. Para ello, le solicitamos que se comunique con la persona responsable en nuestra empresa al correo electr\u00f3nico de protecci\u00f3n de datos: <font color=\"#046bd2\">juridico@innovationi.com.mx.<\/font><\/p>\n<p><br><\/p>\t\t\t\t\t\t<\/div>\n\t\t\t\t<\/div>\n\t\t\t\t<\/div>\n\t\t\t\t<\/div>\n\t\t\t\t\t\t\t<\/div>","protected":false},"excerpt":{"rendered":"<p>Pol\u00edtica de privacidad y uso de cookies \u00a1Le agradecemos por su visita a nuestro sitio web! La protecci\u00f3n de datos [&hellip;]<\/p>","protected":false},"author":2,"featured_media":0,"parent":0,"menu_order":0,"comment_status":"closed","ping_status":"closed","template":"elementor_header_footer","meta":{"site-sidebar-layout":"no-sidebar","site-content-layout":"","ast-site-content-layout":"full-width-container","site-content-style":"default","site-sidebar-style":"default","ast-global-header-display":"","ast-banner-title-visibility":"","ast-main-header-display":"","ast-hfb-above-header-display":"","ast-hfb-below-header-display":"","ast-hfb-mobile-header-display":"","site-post-title":"disabled","ast-breadcrumbs-content":"","ast-featured-img":"disabled","footer-sml-layout":"","theme-transparent-header-meta":"","adv-header-id-meta":"","stick-header-meta":"","header-above-stick-meta":"","header-main-stick-meta":"","header-below-stick-meta":"","astra-migrate-meta-layouts":"default","ast-page-background-enabled":"default","ast-page-background-meta":{"desktop":{"background-color":"var(--ast-global-color-4)","background-image":"","background-repeat":"repeat","background-position":"center center","background-size":"auto","background-attachment":"scroll","background-type":"","background-media":"","overlay-type":"","overlay-color":"","overlay-opacity":"","overlay-gradient":""},"tablet":{"background-color":"","background-image":"","background-repeat":"repeat","background-position":"center center","background-size":"auto","background-attachment":"scroll","background-type":"","background-media":"","overlay-type":"","overlay-color":"","overlay-opacity":"","overlay-gradient":""},"mobile":{"background-color":"","background-image":"","background-repeat":"repeat","background-position":"center center","background-size":"auto","background-attachment":"scroll","background-type":"","background-media":"","overlay-type":"","overlay-color":"","overlay-opacity":"","overlay-gradient":""}},"ast-content-background-meta":{"desktop":{"background-color":"var(--ast-global-color-5)","background-image":"","background-repeat":"repeat","background-position":"center center","background-size":"auto","background-attachment":"scroll","background-type":"","background-media":"","overlay-type":"","overlay-color":"","overlay-opacity":"","overlay-gradient":""},"tablet":{"background-color":"var(--ast-global-color-5)","background-image":"","background-repeat":"repeat","background-position":"center center","background-size":"auto","background-attachment":"scroll","background-type":"","background-media":"","overlay-type":"","overlay-color":"","overlay-opacity":"","overlay-gradient":""},"mobile":{"background-color":"var(--ast-global-color-5)","background-image":"","background-repeat":"repeat","background-position":"center center","background-size":"auto","background-attachment":"scroll","background-type":"","background-media":"","overlay-type":"","overlay-color":"","overlay-opacity":"","overlay-gradient":""}},"footnotes":""},"class_list":["post-2601","page","type-page","status-publish","hentry"],"_links":{"self":[{"href":"https:\/\/www.innovationi.com.mx\/en\/wp-json\/wp\/v2\/pages\/2601","targetHints":{"allow":["GET"]}}],"collection":[{"href":"https:\/\/www.innovationi.com.mx\/en\/wp-json\/wp\/v2\/pages"}],"about":[{"href":"https:\/\/www.innovationi.com.mx\/en\/wp-json\/wp\/v2\/types\/page"}],"author":[{"embeddable":true,"href":"https:\/\/www.innovationi.com.mx\/en\/wp-json\/wp\/v2\/users\/2"}],"replies":[{"embeddable":true,"href":"https:\/\/www.innovationi.com.mx\/en\/wp-json\/wp\/v2\/comments?post=2601"}],"version-history":[{"count":0,"href":"https:\/\/www.innovationi.com.mx\/en\/wp-json\/wp\/v2\/pages\/2601\/revisions"}],"wp:attachment":[{"href":"https:\/\/www.innovationi.com.mx\/en\/wp-json\/wp\/v2\/media?parent=2601"}],"curies":[{"name":"wp","href":"https:\/\/api.w.org\/{rel}","templated":true}]}}